{"id":12,"date":"2013-08-23T15:25:39","date_gmt":"2013-08-23T14:25:39","guid":{"rendered":"http:\/\/www.amigoscma.org\/personasconsalidas\/?page_id=12"},"modified":"2023-04-19T15:12:52","modified_gmt":"2023-04-19T14:12:52","slug":"colabora","status":"publish","type":"page","link":"https:\/\/www.amigoscma.org\/personasconsalidas\/colabora\/","title":{"rendered":"Colabora"},"content":{"rendered":"\t\t<div data-elementor-type=\"wp-page\" data-elementor-id=\"12\" class=\"elementor elementor-12\">\n\t\t\t\t\t\t\t\t\t<section class=\"elementor-section elementor-top-section elementor-element elementor-element-67d74d03 elementor-section-boxed elementor-section-height-default elementor-section-height-default\" data-id=\"67d74d03\" data-element_type=\"section\">\n\t\t\t\t\t\t<div class=\"elementor-container elementor-column-gap-default\">\n\t\t\t\t\t<div class=\"elementor-column elementor-col-100 elementor-top-column elementor-element elementor-element-74eba347\" data-id=\"74eba347\" data-element_type=\"column\">\n\t\t\t<div class=\"elementor-widget-wrap elementor-element-populated\">\n\t\t\t\t\t\t\t\t<div class=\"elementor-element elementor-element-30590b0a elementor-widget elementor-widget-text-editor\" data-id=\"30590b0a\" data-element_type=\"widget\" data-widget_type=\"text-editor.default\">\n\t\t\t\t<div class=\"elementor-widget-container\">\n\t\t\t<style>\/*! elementor - v3.12.1 - 02-04-2023 *\/\n.elementor-widget-text-editor.elementor-drop-cap-view-stacked .elementor-drop-cap{background-color:#69727d;color:#fff}.elementor-widget-text-editor.elementor-drop-cap-view-framed .elementor-drop-cap{color:#69727d;border:3px solid;background-color:transparent}.elementor-widget-text-editor:not(.elementor-drop-cap-view-default) .elementor-drop-cap{margin-top:8px}.elementor-widget-text-editor:not(.elementor-drop-cap-view-default) .elementor-drop-cap-letter{width:1em;height:1em}.elementor-widget-text-editor .elementor-drop-cap{float:left;text-align:center;line-height:1;font-size:50px}.elementor-widget-text-editor .elementor-drop-cap-letter{display:inline-block}<\/style>\t\t\t\t<h1>COLABORA<\/h1>\r\n<hr>\t\t\t\t\t\t<\/div>\n\t\t\t\t<\/div>\n\t\t\t\t\t<\/div>\n\t\t<\/div>\n\t\t\t\t\t\t\t<\/div>\n\t\t<\/section>\n\t\t\t\t<section class=\"elementor-section elementor-top-section elementor-element elementor-element-423429f elementor-section-boxed elementor-section-height-default elementor-section-height-default\" data-id=\"423429f\" data-element_type=\"section\">\n\t\t\t\t\t\t<div class=\"elementor-container elementor-column-gap-default\">\n\t\t\t\t\t<div class=\"elementor-column elementor-col-50 elementor-top-column elementor-element elementor-element-c60fe63\" data-id=\"c60fe63\" data-element_type=\"column\">\n\t\t\t<div class=\"elementor-widget-wrap elementor-element-populated\">\n\t\t\t\t\t\t\t\t<section class=\"elementor-section elementor-inner-section elementor-element elementor-element-daf533a elementor-section-boxed elementor-section-height-default elementor-section-height-default\" data-id=\"daf533a\" data-element_type=\"section\">\n\t\t\t\t\t\t<div class=\"elementor-container elementor-column-gap-default\">\n\t\t\t\t\t<div class=\"elementor-column elementor-col-33 elementor-inner-column elementor-element elementor-element-bd8b21e\" data-id=\"bd8b21e\" data-element_type=\"column\">\n\t\t\t<div class=\"elementor-widget-wrap\">\n\t\t\t\t\t\t\t\t\t<\/div>\n\t\t<\/div>\n\t\t\t\t<div class=\"elementor-column elementor-col-33 elementor-inner-column elementor-element elementor-element-45cb2a6\" data-id=\"45cb2a6\" data-element_type=\"column\" data-settings=\"{&quot;background_background&quot;:&quot;classic&quot;}\">\n\t\t\t<div class=\"elementor-widget-wrap elementor-element-populated\">\n\t\t\t\t\t\t\t\t<div class=\"elementor-element elementor-element-ebaed79 elementor-widget elementor-widget-image\" data-id=\"ebaed79\" data-element_type=\"widget\" data-widget_type=\"image.default\">\n\t\t\t\t<div class=\"elementor-widget-container\">\n\t\t\t<style>\/*! elementor - v3.12.1 - 02-04-2023 *\/\n.elementor-widget-image{text-align:center}.elementor-widget-image a{display:inline-block}.elementor-widget-image a img[src$=\".svg\"]{width:48px}.elementor-widget-image img{vertical-align:middle;display:inline-block}<\/style>\t\t\t\t\t\t\t\t\t\t\t\t<img decoding=\"async\" width=\"300\" height=\"180\" src=\"https:\/\/www.amigoscma.org\/personasconsalidas\/wp-content\/uploads\/2013\/08\/ACMA-PersonasConSalidas-Ayudar-al-que-quiere-y-no-puede.png\" class=\"attachment-large size-large wp-image-52\" alt=\"\" loading=\"lazy\" \/>\t\t\t\t\t\t\t\t\t\t\t\t\t\t\t<\/div>\n\t\t\t\t<\/div>\n\t\t\t\t<div class=\"elementor-element elementor-element-f44c7a7 elementor-widget elementor-widget-text-editor\" data-id=\"f44c7a7\" data-element_type=\"widget\" data-widget_type=\"text-editor.default\">\n\t\t\t\t<div class=\"elementor-widget-container\">\n\t\t\t\t\t\t\t<p>Muchos estudiantes que quieren sumarse a este proyecto no pueden por no tener los medios econ\u00f3micos suficientes. El\u00a0<a href=\"http:\/\/www.colegiomayoralbayzin.com\/\" target=\"_blank\" rel=\"noopener\">Colegio Mayor Albayz\u00edn<\/a>\u00a0siempre ha facilitado algunas becas consistentes en una reducci\u00f3n de la cuota a personas. Ahora en tiempos de crisis esta necesidad de ayudar es m\u00e1s acuciante.<\/p><p>Los residentes que reciben ayudas se involucran de modo especial en el proyecto del\u00a0<a href=\"http:\/\/www.colegiomayoralbayzin.com\/\" target=\"_blank\" rel=\"noopener\">Colegio Mayor Albayz\u00edn<\/a>, seg\u00fan sus capacidades: dirigiendo los clubes profesionales, actividades formativas de idiomas o expresi\u00f3n oral y asumiendo encargos materiales. De ese modo crecen en experiencia y valoran m\u00e1s su responsabilidad.<\/p>\t\t\t\t\t\t<\/div>\n\t\t\t\t<\/div>\n\t\t\t\t\t<\/div>\n\t\t<\/div>\n\t\t\t\t<div class=\"elementor-column elementor-col-33 elementor-inner-column elementor-element elementor-element-cac0bee\" data-id=\"cac0bee\" data-element_type=\"column\">\n\t\t\t<div class=\"elementor-widget-wrap\">\n\t\t\t\t\t\t\t\t\t<\/div>\n\t\t<\/div>\n\t\t\t\t\t\t\t<\/div>\n\t\t<\/section>\n\t\t\t\t\t<\/div>\n\t\t<\/div>\n\t\t\t\t<div class=\"elementor-column elementor-col-50 elementor-top-column elementor-element elementor-element-55a2bf6\" data-id=\"55a2bf6\" data-element_type=\"column\">\n\t\t\t<div class=\"elementor-widget-wrap elementor-element-populated\">\n\t\t\t\t\t\t\t\t<div class=\"elementor-element elementor-element-bf54c6d elementor-widget elementor-widget-html\" data-id=\"bf54c6d\" data-element_type=\"widget\" data-widget_type=\"html.default\">\n\t\t\t\t<div class=\"elementor-widget-container\">\n\t\t\t\n<div class=\"wpcf7 no-js\" id=\"wpcf7-f51-o1\" lang=\"es-ES\" dir=\"ltr\">\n<div class=\"screen-reader-response\"><p role=\"status\" aria-live=\"polite\" aria-atomic=\"true\"><\/p> <ul><\/ul><\/div>\n<form action=\"\/personasconsalidas\/wp-json\/wp\/v2\/pages\/12#wpcf7-f51-o1\" method=\"post\" class=\"wpcf7-form init\" aria-label=\"Formulario de contacto\" novalidate=\"novalidate\" data-status=\"init\">\n<div style=\"display: none;\">\n<input type=\"hidden\" name=\"_wpcf7\" value=\"51\" \/>\n<input type=\"hidden\" name=\"_wpcf7_version\" value=\"5.7.5.1\" \/>\n<input type=\"hidden\" name=\"_wpcf7_locale\" value=\"es_ES\" \/>\n<input type=\"hidden\" name=\"_wpcf7_unit_tag\" value=\"wpcf7-f51-o1\" \/>\n<input type=\"hidden\" name=\"_wpcf7_container_post\" value=\"0\" \/>\n<input type=\"hidden\" name=\"_wpcf7_posted_data_hash\" value=\"\" \/>\n<\/div>\n<p>Nombre y apellidos <span style=\"color:#88181b\">*<\/span>\n<\/p>\n<p><span class=\"wpcf7-form-control-wrap\" data-name=\"nombre\"><input size=\"40\" class=\"wpcf7-form-control wpcf7-text wpcf7-validates-as-required\" aria-required=\"true\" aria-invalid=\"false\" value=\"\" type=\"text\" name=\"nombre\" \/><\/span>\n<\/p>\n<p>Tel\u00e9fono o email <span style=\"color:#88181b\">*<\/span>\n<\/p>\n<p><span class=\"wpcf7-form-control-wrap\" data-name=\"telefono\"><input size=\"40\" class=\"wpcf7-form-control wpcf7-text wpcf7-validates-as-required\" aria-required=\"true\" aria-invalid=\"false\" value=\"\" type=\"text\" name=\"telefono\" \/><\/span>\n<\/p>\n<p>Cantidad <span style=\"color:#88181b\">*<\/span>\n<\/p>\n<p><span class=\"wpcf7-form-control-wrap\" data-name=\"cantidad\"><input size=\"40\" class=\"wpcf7-form-control wpcf7-text wpcf7-validates-as-required\" aria-required=\"true\" aria-invalid=\"false\" value=\"\" type=\"text\" name=\"cantidad\" \/><\/span>\n<\/p>\n<p>Comentarios\n<\/p>\n<p><span class=\"wpcf7-form-control-wrap\" data-name=\"comentarios\"><textarea cols=\"40\" rows=\"10\" class=\"wpcf7-form-control wpcf7-textarea\" aria-invalid=\"false\" name=\"comentarios\"><\/textarea><\/span>\n<\/p>\n<p><input class=\"wpcf7-form-control has-spinner wpcf7-submit\" type=\"submit\" value=\"\u00a1QUIERO COLABORAR YA!\" \/>\n<\/p><div class=\"wpcf7-response-output\" aria-hidden=\"true\"><\/div>\n<\/form>\n<\/div>\n\t\t<\/div>\n\t\t\t\t<\/div>\n\t\t\t\t\t<\/div>\n\t\t<\/div>\n\t\t\t\t\t\t\t<\/div>\n\t\t<\/section>\n\t\t\t\t\t\t\t<\/div>\n\t\t","protected":false},"excerpt":{"rendered":"<p>COLABORA Muchos estudiantes que quieren sumarse a este proyecto no pueden por no tener los medios econ\u00f3micos suficientes. El\u00a0Colegio Mayor Albayz\u00edn\u00a0siempre ha facilitado algunas becas consistentes en una reducci\u00f3n de la cuota a personas. Ahora en tiempos de crisis esta necesidad de ayudar es m\u00e1s acuciante. Los residentes que reciben ayudas se involucran de modo [&hellip;]<\/p>\n","protected":false},"author":1,"featured_media":0,"parent":0,"menu_order":3,"comment_status":"closed","ping_status":"closed","template":"","meta":[],"_links":{"self":[{"href":"https:\/\/www.amigoscma.org\/personasconsalidas\/wp-json\/wp\/v2\/pages\/12"}],"collection":[{"href":"https:\/\/www.amigoscma.org\/personasconsalidas\/wp-json\/wp\/v2\/pages"}],"about":[{"href":"https:\/\/www.amigoscma.org\/personasconsalidas\/wp-json\/wp\/v2\/types\/page"}],"author":[{"embeddable":true,"href":"https:\/\/www.amigoscma.org\/personasconsalidas\/wp-json\/wp\/v2\/users\/1"}],"replies":[{"embeddable":true,"href":"https:\/\/www.amigoscma.org\/personasconsalidas\/wp-json\/wp\/v2\/comments?post=12"}],"version-history":[{"count":11,"href":"https:\/\/www.amigoscma.org\/personasconsalidas\/wp-json\/wp\/v2\/pages\/12\/revisions"}],"predecessor-version":[{"id":105,"href":"https:\/\/www.amigoscma.org\/personasconsalidas\/wp-json\/wp\/v2\/pages\/12\/revisions\/105"}],"wp:attachment":[{"href":"https:\/\/www.amigoscma.org\/personasconsalidas\/wp-json\/wp\/v2\/media?parent=12"}],"curies":[{"name":"wp","href":"https:\/\/api.w.org\/{rel}","templated":true}]}}