{"id":8,"date":"2013-08-23T15:25:04","date_gmt":"2013-08-23T14:25:04","guid":{"rendered":"http:\/\/www.amigoscma.org\/personasconsalidas\/?page_id=8"},"modified":"2023-04-19T15:00:18","modified_gmt":"2023-04-19T14:00:18","slug":"que-ofrecemos","status":"publish","type":"page","link":"https:\/\/www.amigoscma.org\/personasconsalidas\/que-ofrecemos\/","title":{"rendered":"\u00bfQu\u00e9 ofrecemos?"},"content":{"rendered":"\t\t<div data-elementor-type=\"wp-page\" data-elementor-id=\"8\" class=\"elementor elementor-8\">\n\t\t\t\t\t\t\t\t\t<section class=\"elementor-section elementor-top-section elementor-element elementor-element-112a7c22 elementor-section-boxed elementor-section-height-default elementor-section-height-default\" data-id=\"112a7c22\" data-element_type=\"section\">\n\t\t\t\t\t\t<div class=\"elementor-container elementor-column-gap-default\">\n\t\t\t\t\t<div class=\"elementor-column elementor-col-100 elementor-top-column elementor-element elementor-element-179ae154\" data-id=\"179ae154\" data-element_type=\"column\">\n\t\t\t<div class=\"elementor-widget-wrap elementor-element-populated\">\n\t\t\t\t\t\t\t\t<div class=\"elementor-element elementor-element-65048aae elementor-widget elementor-widget-text-editor\" data-id=\"65048aae\" data-element_type=\"widget\" data-widget_type=\"text-editor.default\">\n\t\t\t\t<div class=\"elementor-widget-container\">\n\t\t\t<style>\/*! elementor - v3.12.1 - 02-04-2023 *\/\n.elementor-widget-text-editor.elementor-drop-cap-view-stacked .elementor-drop-cap{background-color:#69727d;color:#fff}.elementor-widget-text-editor.elementor-drop-cap-view-framed .elementor-drop-cap{color:#69727d;border:3px solid;background-color:transparent}.elementor-widget-text-editor:not(.elementor-drop-cap-view-default) .elementor-drop-cap{margin-top:8px}.elementor-widget-text-editor:not(.elementor-drop-cap-view-default) .elementor-drop-cap-letter{width:1em;height:1em}.elementor-widget-text-editor .elementor-drop-cap{float:left;text-align:center;line-height:1;font-size:50px}.elementor-widget-text-editor .elementor-drop-cap-letter{display:inline-block}<\/style>\t\t\t\t<h1>\u00bfQU\u00c9 OFRECEMOS?<\/h1>\r\n\r\n<hr \/>\r\n\r\n<strong>Salir<\/strong> del \u00e1mbito familiar para estudiar puede ser una gran oportunidad si se acierta en el modo de alojamiento. Incorporarse a una comunidad universitaria activa permite socializar y tener ayuda por parte de compa\u00f1eros y profesores. Por ese motivo, en Universidades prestigiosas como Oxford, Cambridge o Harvard, los estudiantes deben vivir en lo equivalente a un colegio mayor como una parte fundamental de su experiencia universitaria y preparaci\u00f3n para el mundo laboral y social.\t\t\t\t\t\t<\/div>\n\t\t\t\t<\/div>\n\t\t\t\t\t<\/div>\n\t\t<\/div>\n\t\t\t\t\t\t\t<\/div>\n\t\t<\/section>\n\t\t\t\t<section class=\"elementor-section elementor-top-section elementor-element elementor-element-4945e97 elementor-section-boxed elementor-section-height-default elementor-section-height-default\" data-id=\"4945e97\" data-element_type=\"section\">\n\t\t\t\t\t\t<div class=\"elementor-container elementor-column-gap-default\">\n\t\t\t\t\t<div class=\"elementor-column elementor-col-100 elementor-top-column elementor-element elementor-element-a833b94\" data-id=\"a833b94\" data-element_type=\"column\">\n\t\t\t<div class=\"elementor-widget-wrap elementor-element-populated\">\n\t\t\t\t\t\t\t\t<section class=\"elementor-section elementor-inner-section elementor-element elementor-element-19c25a5 elementor-section-boxed elementor-section-height-default elementor-section-height-default\" data-id=\"19c25a5\" data-element_type=\"section\">\n\t\t\t\t\t\t<div class=\"elementor-container elementor-column-gap-default\">\n\t\t\t\t\t<div class=\"elementor-column elementor-col-50 elementor-inner-column elementor-element elementor-element-537f38e\" data-id=\"537f38e\" data-element_type=\"column\">\n\t\t\t<div class=\"elementor-widget-wrap elementor-element-populated\">\n\t\t\t\t\t\t\t\t<div class=\"elementor-element elementor-element-3d90f27 elementor-widget elementor-widget-text-editor\" data-id=\"3d90f27\" data-element_type=\"widget\" data-widget_type=\"text-editor.default\">\n\t\t\t\t<div class=\"elementor-widget-container\">\n\t\t\t\t\t\t\t<h3 style=\"color:#88181b; margin-bottom:5px;\">UN MODO DE VIVIR LA UNIVERSIDAD<\/h3>\n<p><strong>El Colegio Mayor Albayz\u00edn ofrece desde 1945 un modo de vivir la universidad<\/strong> que prepara de modo eficaz titulados con buenas aptitudes para el empleo y ciudadanos honestos, en un ambiente de familia y convivencia que forma su car\u00e1cter.<\/p>\n<h3 style=\"color:#88181b; margin-bottom:5px;\">PUESTA AL D\u00cdA<\/h3>\n<p><strong>En los \u00faltimos a\u00f1os se ha logrado una puesta al d\u00eda<\/strong> en aquellos puntos que son m\u00e1s necesarios para la formaci\u00f3n de la gente joven, realizando un proyecto de actividades profesionales y de implicaci\u00f3n real de los residentes en las actividades. En este punto ha sido clave la ayuda de ACMA, la asociaci\u00f3n de Amigos del Colegio Mayor Albayz\u00edn, creada en 2010.<\/p>\n\n\t\t\t\t\t\t<\/div>\n\t\t\t\t<\/div>\n\t\t\t\t\t<\/div>\n\t\t<\/div>\n\t\t\t\t<div class=\"elementor-column elementor-col-50 elementor-inner-column elementor-element elementor-element-d590923\" data-id=\"d590923\" data-element_type=\"column\">\n\t\t\t<div class=\"elementor-widget-wrap elementor-element-populated\">\n\t\t\t\t\t\t\t\t<div class=\"elementor-element elementor-element-6995d65 elementor-widget elementor-widget-image\" data-id=\"6995d65\" data-element_type=\"widget\" data-widget_type=\"image.default\">\n\t\t\t\t<div class=\"elementor-widget-container\">\n\t\t\t<style>\/*! elementor - v3.12.1 - 02-04-2023 *\/\n.elementor-widget-image{text-align:center}.elementor-widget-image a{display:inline-block}.elementor-widget-image a img[src$=\".svg\"]{width:48px}.elementor-widget-image img{vertical-align:middle;display:inline-block}<\/style>\t\t\t\t\t\t\t\t\t\t\t\t<img decoding=\"async\" width=\"300\" height=\"200\" src=\"https:\/\/www.amigoscma.org\/personasconsalidas\/wp-content\/uploads\/2013\/08\/Personas-con-salidas-Vivir-la-universidad.jpg\" class=\"attachment-full size-full wp-image-55\" alt=\"\" loading=\"lazy\" \/>\t\t\t\t\t\t\t\t\t\t\t\t\t\t\t<\/div>\n\t\t\t\t<\/div>\n\t\t\t\t\t<\/div>\n\t\t<\/div>\n\t\t\t\t\t\t\t<\/div>\n\t\t<\/section>\n\t\t\t\t<section class=\"elementor-section elementor-inner-section elementor-element elementor-element-ffc42ed elementor-section-boxed elementor-section-height-default elementor-section-height-default\" data-id=\"ffc42ed\" data-element_type=\"section\">\n\t\t\t\t\t\t<div class=\"elementor-container elementor-column-gap-default\">\n\t\t\t\t\t<div class=\"elementor-column elementor-col-50 elementor-inner-column elementor-element elementor-element-5ac5da7\" data-id=\"5ac5da7\" data-element_type=\"column\">\n\t\t\t<div class=\"elementor-widget-wrap elementor-element-populated\">\n\t\t\t\t\t\t\t\t<div class=\"elementor-element elementor-element-79be82e elementor-widget elementor-widget-text-editor\" data-id=\"79be82e\" data-element_type=\"widget\" data-widget_type=\"text-editor.default\">\n\t\t\t\t<div class=\"elementor-widget-container\">\n\t\t\t\t\t\t\t<h3 style=\"color:#88181b; margin-bottom:5px;\">OBJETIVO<\/h3>\n<p><strong>Un objetivo fundamental es facilitar experiencias<\/strong> <strong>a j\u00f3venes estudiantes <\/strong>que<strong> <\/strong>realizan actividades formativas en sus a\u00f1os de Universidad. En un tiempo de incertidumbre profesional es necesario invertir en la formaci\u00f3n de las habilidades personales sin contentarse con sacar buenas calificaciones.<\/p>\n<h3 style=\"color:#88181b; margin-bottom:5px;\">CLUBES PROFESIONALES<\/h3>\n<p><strong>De modo especial destacan los clubes profesionales, en el que est\u00e1n implicados empresarios y otros profesionales<\/strong> con experiencia, antiguos residentes o amigos del Colegio Mayor Albayz\u00edn. Cada curso se realizan m\u00e1s de un centenar de encuentros que ayudan a la orientaci\u00f3n de los estudiantes.<br>\nLos residentes de \u00faltimos cursos han experimentado adem\u00e1s la ayuda de un coach. Este trato con personas con m\u00e1s experiencia y edad les ayuda a crecer en la capacidad de relaci\u00f3n.<\/p>\n\n\t\t\t\t\t\t<\/div>\n\t\t\t\t<\/div>\n\t\t\t\t\t<\/div>\n\t\t<\/div>\n\t\t\t\t<div class=\"elementor-column elementor-col-50 elementor-inner-column elementor-element elementor-element-d2b4b0e\" data-id=\"d2b4b0e\" data-element_type=\"column\">\n\t\t\t<div class=\"elementor-widget-wrap elementor-element-populated\">\n\t\t\t\t\t\t\t\t<div class=\"elementor-element elementor-element-bcf4bd2 elementor-widget elementor-widget-image\" data-id=\"bcf4bd2\" data-element_type=\"widget\" data-widget_type=\"image.default\">\n\t\t\t\t<div class=\"elementor-widget-container\">\n\t\t\t\t\t\t\t\t\t\t\t\t\t\t\t<img decoding=\"async\" width=\"300\" height=\"200\" src=\"https:\/\/www.amigoscma.org\/personasconsalidas\/wp-content\/uploads\/2013\/08\/Personas-con-salidas-Salidas-profesionales.jpg\" class=\"attachment-large size-large wp-image-54\" alt=\"\" loading=\"lazy\" \/>\t\t\t\t\t\t\t\t\t\t\t\t\t\t\t<\/div>\n\t\t\t\t<\/div>\n\t\t\t\t\t<\/div>\n\t\t<\/div>\n\t\t\t\t\t\t\t<\/div>\n\t\t<\/section>\n\t\t\t\t<section class=\"elementor-section elementor-inner-section elementor-element elementor-element-3afb07c elementor-section-boxed elementor-section-height-default elementor-section-height-default\" data-id=\"3afb07c\" data-element_type=\"section\">\n\t\t\t\t\t\t<div class=\"elementor-container elementor-column-gap-default\">\n\t\t\t\t\t<div class=\"elementor-column elementor-col-50 elementor-inner-column elementor-element elementor-element-4169943\" data-id=\"4169943\" data-element_type=\"column\">\n\t\t\t<div class=\"elementor-widget-wrap elementor-element-populated\">\n\t\t\t\t\t\t\t\t<div class=\"elementor-element elementor-element-8fe12c6 elementor-widget elementor-widget-text-editor\" data-id=\"8fe12c6\" data-element_type=\"widget\" data-widget_type=\"text-editor.default\">\n\t\t\t\t<div class=\"elementor-widget-container\">\n\t\t\t\t\t\t\t<h3 style=\"color:#88181b; margin-bottom:5px;\">EXPERIENCIA Y ADAPTACI\u00d3N<\/h3>\n<p>El Colegio Mayor Albayz\u00edn <strong>aporta experiencias imprescindibles<\/strong> como realizar acciones de mejora en expresi\u00f3n oral; practicar idiomas con nativos; tener un uso racional de las tecnolog\u00edas; convivir con estudiantes de m\u00e1s de veinte carreras y abrir as\u00ed horizontes creativos y de car\u00e1cter profesional, etc..<\/p>\n\n<h3 style=\"color:#88181b; margin-bottom:5px;\">HABILIDADES PROFESIONALES<\/h3>\n<p><strong>El voluntariado<\/strong> en sus diversas formas de ayuda a personas en riesgo de exclusi\u00f3n social, adem\u00e1s de mejorar el car\u00e1cter de los estudiantes, desarrolla la l\u00f3gica de la gratuidad.<\/p>\n<p>En especial, los universitarios del Colegio Mayor Albayz\u00edn <strong>se implican en campa\u00f1as de orientaci\u00f3n para la Universidad<\/strong> en colegios e institutos para dar consejos pr\u00e1cticos sobre el primer a\u00f1o de Universidad e informaci\u00f3n concreta sobre los diferentes grados que realizan o han acabado ellos mismos u otros residentes, actuales o antiguos, a trav\u00e9s de correo electr\u00f3nico.<\/p>\n\n\t\t\t\t\t\t<\/div>\n\t\t\t\t<\/div>\n\t\t\t\t\t<\/div>\n\t\t<\/div>\n\t\t\t\t<div class=\"elementor-column elementor-col-50 elementor-inner-column elementor-element elementor-element-0a70c0e\" data-id=\"0a70c0e\" data-element_type=\"column\">\n\t\t\t<div class=\"elementor-widget-wrap elementor-element-populated\">\n\t\t\t\t\t\t\t\t<div class=\"elementor-element elementor-element-c0947e1 elementor-widget elementor-widget-image\" data-id=\"c0947e1\" data-element_type=\"widget\" data-widget_type=\"image.default\">\n\t\t\t\t<div class=\"elementor-widget-container\">\n\t\t\t\t\t\t\t\t\t\t\t\t\t\t\t<img decoding=\"async\" width=\"300\" height=\"200\" src=\"https:\/\/www.amigoscma.org\/personasconsalidas\/wp-content\/uploads\/2013\/08\/Personas-con-salidas-Experiencias.jpg\" class=\"attachment-large size-large wp-image-53\" alt=\"\" loading=\"lazy\" \/>\t\t\t\t\t\t\t\t\t\t\t\t\t\t\t<\/div>\n\t\t\t\t<\/div>\n\t\t\t\t\t<\/div>\n\t\t<\/div>\n\t\t\t\t\t\t\t<\/div>\n\t\t<\/section>\n\t\t\t\t\t<\/div>\n\t\t<\/div>\n\t\t\t\t\t\t\t<\/div>\n\t\t<\/section>\n\t\t\t\t\t\t\t<\/div>\n\t\t","protected":false},"excerpt":{"rendered":"<p>\u00bfQU\u00c9 OFRECEMOS? Salir del \u00e1mbito familiar para estudiar puede ser una gran oportunidad si se acierta en el modo de alojamiento. Incorporarse a una comunidad universitaria activa permite socializar y tener ayuda por parte de compa\u00f1eros y profesores. Por ese motivo, en Universidades prestigiosas como Oxford, Cambridge o Harvard, los estudiantes deben vivir en lo [&hellip;]<\/p>\n","protected":false},"author":1,"featured_media":0,"parent":0,"menu_order":1,"comment_status":"closed","ping_status":"closed","template":"","meta":[],"_links":{"self":[{"href":"https:\/\/www.amigoscma.org\/personasconsalidas\/wp-json\/wp\/v2\/pages\/8"}],"collection":[{"href":"https:\/\/www.amigoscma.org\/personasconsalidas\/wp-json\/wp\/v2\/pages"}],"about":[{"href":"https:\/\/www.amigoscma.org\/personasconsalidas\/wp-json\/wp\/v2\/types\/page"}],"author":[{"embeddable":true,"href":"https:\/\/www.amigoscma.org\/personasconsalidas\/wp-json\/wp\/v2\/users\/1"}],"replies":[{"embeddable":true,"href":"https:\/\/www.amigoscma.org\/personasconsalidas\/wp-json\/wp\/v2\/comments?post=8"}],"version-history":[{"count":9,"href":"https:\/\/www.amigoscma.org\/personasconsalidas\/wp-json\/wp\/v2\/pages\/8\/revisions"}],"predecessor-version":[{"id":88,"href":"https:\/\/www.amigoscma.org\/personasconsalidas\/wp-json\/wp\/v2\/pages\/8\/revisions\/88"}],"wp:attachment":[{"href":"https:\/\/www.amigoscma.org\/personasconsalidas\/wp-json\/wp\/v2\/media?parent=8"}],"curies":[{"name":"wp","href":"https:\/\/api.w.org\/{rel}","templated":true}]}}